{"id":108,"date":"2012-04-30T21:06:56","date_gmt":"2012-05-01T01:36:56","guid":{"rendered":"http:\/\/vocesvitalesvenezuela.org\/site\/?page_id=108"},"modified":"2012-06-15T21:35:52","modified_gmt":"2012-06-16T02:05:52","slug":"poblacion-beneficiaria","status":"publish","type":"page","link":"http:\/\/vocesvitalesvenezuela.org\/site\/?page_id=108","title":{"rendered":"Poblaci\u00f3n Beneficiaria"},"content":{"rendered":"<p>Enfoc\u00e1ndose en la formaci\u00f3n de mujeres l\u00edderes emergentes, los programas de formaci\u00f3n de Voces Vitales logran causar un gran impacto. Las participantes son mujeres que trabajan para beneficiar a sus familias y a las comunidades donde residen, gan\u00e1ndose el respeto de las personas en su entorno por la labor que hacen cada d\u00eda. D\u00e1ndoles acceso a estas mujeres a las destrezas, los recursos, los contactos y a la red de Voces Vitales a nivel mundial, con lo cual se logra maximizar la capacidad de estas l\u00edderes para lograr cambios efectivos en su entorno.<\/p>\n<p>Tambi\u00e9n trabajamos con mujeres l\u00edderes emergentes con presencia reconocida en el \u00e1mbito empresarial, pol\u00edtico y comunitario, que capacitamos para fortalecer su liderazgo y para que establezcan redes entre mujeres que trabajan en diversas \u00e1reas de actividad y que comparten el mismo objetivo de construir sociedades m\u00e1s justas y democr\u00e1ticas.<\/p>\n","protected":false},"excerpt":{"rendered":"<p>Enfoc\u00e1ndose en la formaci\u00f3n de mujeres l\u00edderes emergentes, los programas de formaci\u00f3n de Voces Vitales logran causar un gran impacto. Las participantes son mujeres que trabajan para beneficiar a sus familias y a las comunidades donde residen, gan\u00e1ndose el respeto&hellip; <a href=\"http:\/\/vocesvitalesvenezuela.org\/site\/?page_id=108\" class=\"more-link\">Continuar leyendo <span class=\"meta-nav\">&rarr;<\/span><\/a><\/p>\n","protected":false},"author":1,"featured_media":0,"parent":0,"menu_order":0,"comment_status":"closed","ping_status":"closed","template":"","meta":[],"_links":{"self":[{"href":"http:\/\/vocesvitalesvenezuela.org\/site\/index.php?rest_route=\/wp\/v2\/pages\/108"}],"collection":[{"href":"http:\/\/vocesvitalesvenezuela.org\/site\/index.php?rest_route=\/wp\/v2\/pages"}],"about":[{"href":"http:\/\/vocesvitalesvenezuela.org\/site\/index.php?rest_route=\/wp\/v2\/types\/page"}],"author":[{"embeddable":true,"href":"http:\/\/vocesvitalesvenezuela.org\/site\/index.php?rest_route=\/wp\/v2\/users\/1"}],"replies":[{"embeddable":true,"href":"http:\/\/vocesvitalesvenezuela.org\/site\/index.php?rest_route=%2Fwp%2Fv2%2Fcomments&post=108"}],"version-history":[{"count":0,"href":"http:\/\/vocesvitalesvenezuela.org\/site\/index.php?rest_route=\/wp\/v2\/pages\/108\/revisions"}],"wp:attachment":[{"href":"http:\/\/vocesvitalesvenezuela.org\/site\/index.php?rest_route=%2Fwp%2Fv2%2Fmedia&parent=108"}],"curies":[{"name":"wp","href":"https:\/\/api.w.org\/{rel}","templated":true}]}}